{"id":7353,"date":"2018-01-05T00:45:32","date_gmt":"2018-01-04T22:45:32","guid":{"rendered":"http:\/\/kadrandergi.com.tr\/?page_id=7353"},"modified":"2018-01-05T00:45:32","modified_gmt":"2018-01-04T22:45:32","slug":"hakkimizda","status":"publish","type":"page","link":"https:\/\/www.kadrandergi.com.tr\/?page_id=7353","title":{"rendered":"HAKKIMIZDA"},"content":{"rendered":"<p>&#8220;Her insan bir d\u00fcnya ve her d\u00fcnya ke\u015ffedilmeyi bekleyen hazinedir.&#8221;<br \/>\n\u0130lgi alan\u0131 ve \u00fcslubu farkl\u0131 kalemleri bir araya getirip yazma heyecan\u0131n\u0131 diri tutmak i\u00e7in t\u0131pk\u0131 bir saat kadran\u0131 gibi olmakt\u0131r niyetimiz. Siz de\u011ferli okuyucular\u0131m\u0131z\u0131 etraf\u0131m\u0131za toplay\u0131p zaman gibi emsalsiz bir g\u00fczellik olu\u015fturmak istiyoruz. \u0130\u00e7inizden biriyiz.<br \/>\n\u015eimdi;<br \/>\nD\u00fcnyan\u0131 d\u0131\u015far\u0131da b\u0131rak, benim d\u00fcnyam ikimize de yeter&#8230;<\/p>\n","protected":false},"excerpt":{"rendered":"<p>&#8220;Her insan bir d\u00fcnya ve her&#8230;<\/p>\n","protected":false},"author":1,"featured_media":0,"parent":0,"menu_order":0,"comment_status":"closed","ping_status":"closed","template":"","meta":{"footnotes":""},"_links":{"self":[{"href":"https:\/\/www.kadrandergi.com.tr\/index.php?rest_route=\/wp\/v2\/pages\/7353"}],"collection":[{"href":"https:\/\/www.kadrandergi.com.tr\/index.php?rest_route=\/wp\/v2\/pages"}],"about":[{"href":"https:\/\/www.kadrandergi.com.tr\/index.php?rest_route=\/wp\/v2\/types\/page"}],"author":[{"embeddable":true,"href":"https:\/\/www.kadrandergi.com.tr\/index.php?rest_route=\/wp\/v2\/users\/1"}],"replies":[{"embeddable":true,"href":"https:\/\/www.kadrandergi.com.tr\/index.php?rest_route=%2Fwp%2Fv2%2Fcomments&post=7353"}],"version-history":[{"count":0,"href":"https:\/\/www.kadrandergi.com.tr\/index.php?rest_route=\/wp\/v2\/pages\/7353\/revisions"}],"wp:attachment":[{"href":"https:\/\/www.kadrandergi.com.tr\/index.php?rest_route=%2Fwp%2Fv2%2Fmedia&parent=7353"}],"curies":[{"name":"wp","href":"https:\/\/api.w.org\/{rel}","templated":true}]}}